{"id":693,"date":"2025-07-18T10:28:01","date_gmt":"2025-07-18T08:28:01","guid":{"rendered":"https:\/\/erbbridge.com\/home-2-2\/"},"modified":"2025-08-03T14:44:56","modified_gmt":"2025-08-03T12:44:56","slug":"home-2-2","status":"publish","type":"page","link":"https:\/\/erbbridge.com\/en\/","title":{"rendered":"Home"},"content":{"rendered":"<div data-elementor-type=\"wp-page\" data-elementor-id=\"693\" class=\"elementor elementor-693\">\n\t\t\t\t\t\t<section class=\"elementor-section elementor-top-section elementor-element elementor-element-2woam06 elementor-section-height-min-height elementor-section-content-middle elementor-section-boxed elementor-section-height-default elementor-section-items-middle\" data-id=\"2woam06\" data-element_type=\"section\" data-settings=\"{&quot;background_background&quot;:&quot;classic&quot;}\">\n\t\t\t\t\t\t\t<div class=\"elementor-background-overlay\"><\/div>\n\t\t\t\t\t\t\t<div class=\"elementor-container elementor-column-gap-no\">\n\t\t\t\t\t<div class=\"elementor-column elementor-col-100 elementor-top-column elementor-element elementor-element-9b1306f\" data-id=\"9b1306f\" data-element_type=\"column\">\n\t\t\t<div class=\"elementor-widget-wrap elementor-element-populated\">\n\t\t\t\t\t\t<div class=\"elementor-element elementor-element-cc73ae3 elementor-widget elementor-widget-heading\" data-id=\"cc73ae3\" data-element_type=\"widget\" data-widget_type=\"heading.default\">\n\t\t\t\t\t<h2 class=\"elementor-heading-title elementor-size-default\">Let\u2019s reveal the potential of Burundian youth and women.<\/h2>\t\t\t\t<\/div>\n\t\t\t\t<div class=\"elementor-element elementor-element-b3f1925 elementor-widget elementor-widget-heading\" data-id=\"b3f1925\" data-element_type=\"widget\" data-widget_type=\"heading.default\">\n\t\t\t\t\t<h2 class=\"elementor-heading-title elementor-size-default\">We support talents towards a prosperous and inclusive entrepreneurial future<\/h2>\t\t\t\t<\/div>\n\t\t\t\t<div class=\"elementor-element elementor-element-1ad38d2 elementor-widget elementor-widget-shortcode\" data-id=\"1ad38d2\" data-element_type=\"widget\" data-widget_type=\"shortcode.default\">\n\t\t\t\t\t\t\t<div class=\"elementor-shortcode\">\r\n<div class=\"mylisting-basic-form text-center\" :class=\"tabMode==='dark'?'featured-light':tabMode\"\r\n\tdata-listing-types=\"{&quot;entrepreneur&quot;:{&quot;id&quot;:785,&quot;name&quot;:&quot;Entrepreneurs &quot;,&quot;icon&quot;:&quot;\\t\\t\\t&lt;i class=\\&quot;icon-location-pin-check-2\\&quot;&gt;&lt;\\\/i&gt;\\r\\n\\t\\t&quot;,&quot;slug&quot;:&quot;entrepreneur&quot;,&quot;filters&quot;:{&quot;category&quot;:&quot;&quot;},&quot;submit_to&quot;:&quot;&quot;}}\"\r\n\tdata-config=\"{&quot;form_id&quot;:&quot;sform-toGQ2&quot;,&quot;tabs_mode&quot;:&quot;transparent&quot;,&quot;types_display&quot;:&quot;tabs&quot;,&quot;box_shadow&quot;:true,&quot;target_url&quot;:&quot;https:\\\/\\\/erbbridge.com\\\/en\\\/page-d-exemple\\\/&quot;}\"\r\n\tv-cloak>\r\n\t<div class=\"featured-search wide\">\r\n\t\t<div class=\"fs-tabs\">\r\n\t\t\t\t\t\t\t<ul class=\"nav nav-tabs cts-carousel no-list-style\" role=\"tablist\">\r\n\t\t\t\t\t<li v-for=\"listingType, key in types\" role=\"presentation\" :class=\"activeType.id===listingType.id?'active':''\">\r\n\t\t\t\t\t\t<a role=\"tab\" @click=\"activeType=listingType\">\r\n\t\t\t\t\t\t\t<div class=\"lt-icon\" v-html=\"listingType.icon\"><\/div>\r\n\t\t\t\t\t\t\t{{ listingType.name }}\r\n\t\t\t\t\t\t<\/a>\r\n\t\t\t\t\t<\/li>\r\n\t\t\t\t\t<li role=\"presentation\" class=\"cts-prev\">prev<\/li>\r\n\t\t\t\t\t<li role=\"presentation\" class=\"cts-next\">next<\/li>\r\n\t\t\t\t<\/ul>\r\n\t\t\t\r\n\t\t\t<div class=\"tab-content\" :class=\"boxShadow?'add-box-shadow':''\">\r\n\t\t\t\t\t\t\t\t\t<div role=\"tabpanel\" class=\"tab-pane fade in filter-count-2\"\r\n\t\t\t\t\t\t:class=\"activeType.id===785?'active':''\">\r\n\r\n\t\t\t\t\t\t<form method=\"GET\" action=\"\">\r\n\t\t\t\t\t\t\t\r\n\t\t\t\t\t\t\t\t\t\t\t\t\t\t\t\t\t\t\t\t\t\t\t\r\n<dropdown-hierarchy-filter\r\n    listing-type=\"entrepreneur\"\r\n    filter-key=\"category\"\r\n    location=\"basic-form\"\r\n    label=\"Toutes les cat\u00e9gories\"\r\n    pre-selected=\"[]\"\r\n    ajax-params=\"{&quot;taxonomy&quot;:&quot;job_listing_category&quot;,&quot;listing-type-id&quot;:785,&quot;orderby&quot;:&quot;count&quot;,&quot;order&quot;:&quot;DESC&quot;,&quot;hide_empty&quot;:&quot;yes&quot;,&quot;term-value&quot;:&quot;slug&quot;,&quot;parent&quot;:0}\"\r\n    @input=\"filterChanged\"\r\n    inline-template\r\n>\r\n    <div class=\"cts-term-hierarchy form-group md-group\">\r\n        <input type=\"text\" required ref=\"input\" data-placeholder=\" \"\r\n            class=\"hide\"\r\n            :data-template=\"location==='advanced-form'?'default':'alternate'\"\r\n            :data-selected=\"preSelected\"\r\n            :data-mylisting-ajax-params=\"ajaxParams\"\r\n            @termhierarchy:change=\"handleChange\"\r\n        >\r\n        <label>{{label}}<\/label>\r\n    <\/div>\r\n<\/dropdown-hierarchy-filter>\t\t\t\t\t\t\t\r\n\t\t\t\t\t\t\t<div class=\"form-group\">\r\n\t\t\t\t\t\t\t\t<button class=\"buttons button-2 search\" @click.prevent=\"submit\">\r\n\t\t\t\t\t\t\t\t\t<i class=\"mi search\"><\/i>\r\n\t\t\t\t\t\t\t\t\tSearch\t\t\t\t\t\t\t\t<\/button>\r\n\t\t\t\t\t\t\t<\/div>\r\n\t\t\t\t\t\t<input type=\"hidden\" name=\"trp-form-language\" value=\"en\"\/><\/form>\r\n\t\t\t\t\t<\/div>\r\n\t\t\t\t\t\t\t<\/div>\r\n\t\t<\/div>\r\n\t<\/div>\r\n<\/div>\r\n\r\n<\/div>\n\t\t\t\t\t\t<\/div>\n\t\t\t\t\t<\/div>\n\t\t<\/div>\n\t\t\t\t\t<\/div>\n\t\t<\/section>\n\t\t\t\t<section class=\"elementor-section elementor-top-section elementor-element elementor-element-5d86993 elementor-section-boxed elementor-section-height-default elementor-section-height-default\" data-id=\"5d86993\" data-element_type=\"section\" data-settings=\"{&quot;background_background&quot;:&quot;classic&quot;}\">\n\t\t\t\t\t\t<div class=\"elementor-container elementor-column-gap-default\">\n\t\t\t\t\t<div class=\"elementor-column elementor-col-100 elementor-top-column elementor-element elementor-element-cfbae1e\" data-id=\"cfbae1e\" data-element_type=\"column\">\n\t\t\t<div class=\"elementor-widget-wrap elementor-element-populated\">\n\t\t\t\t\t\t<div class=\"elementor-element elementor-element-a52f7e5 elementor-widget elementor-widget-heading\" data-id=\"a52f7e5\" data-element_type=\"widget\" data-widget_type=\"heading.default\">\n\t\t\t\t\t<h2 class=\"elementor-heading-title elementor-size-default\">Entrepreneurs<\/h2>\t\t\t\t<\/div>\n\t\t\t\t<div class=\"elementor-element elementor-element-f9f9a03 elementor-widget elementor-widget-heading\" data-id=\"f9f9a03\" data-element_type=\"widget\" data-widget_type=\"heading.default\">\n\t\t\t\t\t<h2 class=\"elementor-heading-title elementor-size-default\">Find young and female entrepreneurs<\/h2>\t\t\t\t<\/div>\n\t\t\t\t<div class=\"elementor-element elementor-element-9d8b348 elementor-widget elementor-widget-case27-listing-feed-widget\" data-id=\"9d8b348\" data-element_type=\"widget\" data-widget_type=\"case27-listing-feed-widget.default\">\n\t\t\t\t<div class=\"elementor-widget-container\">\n\t\t\t\t\t\r\n<section class=\"i-section listing-feed\"\r\n\tdata-lf-config=\"{&quot;widget_id&quot;:&quot;9d8b348&quot;,&quot;template&quot;:&quot;grid&quot;,&quot;listing_types&quot;:[&quot;entrepreneur&quot;],&quot;pagination&quot;:{&quot;enabled&quot;:true,&quot;type&quot;:&quot;prev-next&quot;},&quot;disable_isotope&quot;:false,&quot;filters&quot;:{&quot;page&quot;:null,&quot;posts_per_page&quot;:12,&quot;order_by&quot;:&quot;date&quot;,&quot;order&quot;:&quot;DESC&quot;,&quot;priority&quot;:&quot;&quot;,&quot;behavior&quot;:&quot;yes&quot;,&quot;authors&quot;:[],&quot;categories&quot;:[&quot;101&quot;],&quot;regions&quot;:&quot;&quot;,&quot;tags&quot;:&quot;&quot;,&quot;custom_taxonomies&quot;:{&quot;custom-taxonomy-car-brand&quot;:&quot;Custom Taxonomy: Car Brand&quot;,&quot;job-vacancy-type&quot;:&quot;Custom Taxonomy: Vacancy type&quot;,&quot;job-qualification&quot;:&quot;Custom Taxonomy: Qualification&quot;,&quot;job-salary&quot;:&quot;Custom Taxonomy: Salary&quot;},&quot;listings&quot;:[]},&quot;listing_wrap&quot;:&quot;col-lg-4 col-md-4 col-sm-6 col-xs-12 grid-item&quot;,&quot;query&quot;:{&quot;method&quot;:&quot;filters&quot;,&quot;string&quot;:&quot;&quot;,&quot;cache_for&quot;:720}}\"\r\n>\r\n<div class=\"container-fluid\">\r\n\t<div class=\"row section-body\">\r\n\t\t\r\n\t\t\t\t\t<div class=\"no-results-wrapper\">\r\n\t\t\t\t<i class=\"no-results-icon mi mood_bad\"><\/i>\r\n\t\t\t\t<li role=\"presentation\" class=\"no_job_listings_found\">\r\n\t\t\t\t\tThere are no listings matching your search.\t\t\t\t<\/li>\r\n\t\t\t<\/div>\r\n\t\t\t\t\t<\/div>\r\n\r\n<\/div>\r\n<\/section>\r\n\t\t\t\t<\/div>\n\t\t\t\t<\/div>\n\t\t\t\t\t<\/div>\n\t\t<\/div>\n\t\t\t\t\t<\/div>\n\t\t<\/section>\n\t\t\t\t<\/div>","protected":false},"excerpt":{"rendered":"<p>R\u00e9v\u00e9lons le potentiel des jeunes et des femmes burundais. Nous accompagnons les talents vers un avenir entrepreneurial prosp\u00e8re et inclusif Entrepreneurs Trouvez des jeunes et femmes entrepreneurs Ndayikeje Ephrem Ndayikeje Ephrem est entrepreneur dans la transformation agroalimentaire \u00e0 Bujumbura Mairie. Il transforme&hellip; +257 69 663 066 Entrepreneurs +1 Transformation Agro Alimentaire Quick view Bookmark Munezero [&hellip;]<\/p>","protected":false},"author":1,"featured_media":0,"parent":0,"menu_order":0,"comment_status":"closed","ping_status":"closed","template":"","meta":{"footnotes":""},"class_list":["post-693","page","type-page","status-publish","hentry"],"acf":[],"_links":{"self":[{"href":"https:\/\/erbbridge.com\/en\/wp-json\/wp\/v2\/pages\/693","targetHints":{"allow":["GET"]}}],"collection":[{"href":"https:\/\/erbbridge.com\/en\/wp-json\/wp\/v2\/pages"}],"about":[{"href":"https:\/\/erbbridge.com\/en\/wp-json\/wp\/v2\/types\/page"}],"author":[{"embeddable":true,"href":"https:\/\/erbbridge.com\/en\/wp-json\/wp\/v2\/users\/1"}],"replies":[{"embeddable":true,"href":"https:\/\/erbbridge.com\/en\/wp-json\/wp\/v2\/comments?post=693"}],"version-history":[{"count":0,"href":"https:\/\/erbbridge.com\/en\/wp-json\/wp\/v2\/pages\/693\/revisions"}],"wp:attachment":[{"href":"https:\/\/erbbridge.com\/en\/wp-json\/wp\/v2\/media?parent=693"}],"curies":[{"name":"wp","href":"https:\/\/api.w.org\/{rel}","templated":true}]}}